{"id":6,"date":"2026-03-21T05:08:30","date_gmt":"2026-03-21T02:08:30","guid":{"rendered":"https:\/\/referralmars.com\/?page_id=6"},"modified":"2026-03-21T05:20:12","modified_gmt":"2026-03-21T02:20:12","slug":"iletisim","status":"publish","type":"page","link":"https:\/\/referralmars.com\/tr\/iletisim\/","title":{"rendered":"\u0130leti\u015fim"},"content":{"rendered":"\n<p>Bizimle payla\u015fmak istedi\u011finiz bir kampanya, i\u00e7erik \u00f6nerisi ya da referans program\u0131 m\u0131 var? Belirli bir markan\u0131n sitemizde yer almas\u0131n\u0131 m\u0131 istiyorsunuz? Ya da platformumuzla ilgili ya\u015fad\u0131\u011f\u0131n\u0131z bir sorunu bildirmek mi istediniz?<\/p>\n\n\n\n<p>A\u015fa\u011f\u0131daki form arac\u0131l\u0131\u011f\u0131yla bize ula\u015fabilirsiniz. T\u00fcm geri bildirimleriniz dikkatle de\u011ferlendirilir; en k\u0131sa s\u00fcrede size d\u00f6n\u00fc\u015f sa\u011flan\u0131r.<\/p>\n","protected":false},"excerpt":{"rendered":"<p>Bizimle payla\u015fmak istedi\u011finiz bir kampanya, i\u00e7erik \u00f6nerisi ya da referans program\u0131 m\u0131 var? Belirli bir markan\u0131n sitemizde yer almas\u0131n\u0131 m\u0131 istiyorsunuz? Ya da platformumuzla ilgili ya\u015fad\u0131\u011f\u0131n\u0131z bir sorunu bildirmek mi istediniz? A\u015fa\u011f\u0131daki form arac\u0131l\u0131\u011f\u0131yla bize ula\u015fabilirsiniz. T\u00fcm geri bildirimleriniz dikkatle de\u011ferlendirilir; en k\u0131sa s\u00fcrede size d\u00f6n\u00fc\u015f sa\u011flan\u0131r.<\/p>\n","protected":false},"author":1,"featured_media":0,"parent":0,"menu_order":0,"comment_status":"closed","ping_status":"closed","template":"template-contact.php","meta":{"_kad_post_transparent":"","_kad_post_title":"","_kad_post_layout":"","_kad_post_sidebar_id":"","_kad_post_content_style":"","_kad_post_vertical_padding":"","_kad_post_feature":"","_kad_post_feature_position":"","_kad_post_header":false,"_kad_post_footer":false,"_kad_post_classname":"","footnotes":""},"class_list":["post-6","page","type-page","status-publish","hentry"],"_links":{"self":[{"href":"https:\/\/referralmars.com\/tr\/wp-json\/wp\/v2\/pages\/6","targetHints":{"allow":["GET"]}}],"collection":[{"href":"https:\/\/referralmars.com\/tr\/wp-json\/wp\/v2\/pages"}],"about":[{"href":"https:\/\/referralmars.com\/tr\/wp-json\/wp\/v2\/types\/page"}],"author":[{"embeddable":true,"href":"https:\/\/referralmars.com\/tr\/wp-json\/wp\/v2\/users\/1"}],"replies":[{"embeddable":true,"href":"https:\/\/referralmars.com\/tr\/wp-json\/wp\/v2\/comments?post=6"}],"version-history":[{"count":0,"href":"https:\/\/referralmars.com\/tr\/wp-json\/wp\/v2\/pages\/6\/revisions"}],"wp:attachment":[{"href":"https:\/\/referralmars.com\/tr\/wp-json\/wp\/v2\/media?parent=6"}],"curies":[{"name":"wp","href":"https:\/\/api.w.org\/{rel}","templated":true}]}}